{"id":1067,"date":"2024-02-05T19:04:30","date_gmt":"2024-02-05T18:04:30","guid":{"rendered":"https:\/\/tuto-comment.fr\/?page_id=1067"},"modified":"2024-02-05T19:04:31","modified_gmt":"2024-02-05T18:04:31","slug":"contact","status":"publish","type":"page","link":"https:\/\/tuto-comment.fr\/index.php\/contact\/","title":{"rendered":"Contact"},"content":{"rendered":"\n<div id=\"ez-toc-container\" class=\"ez-toc-v2_0_83 counter-hierarchy ez-toc-counter ez-toc-grey ez-toc-container-direction\">\n<div class=\"ez-toc-title-container\">\n<p class=\"ez-toc-title\" style=\"cursor:inherit\">Table des mati\u00e8res<\/p>\n<span class=\"ez-toc-title-toggle\"><a href=\"#\" class=\"ez-toc-pull-right ez-toc-btn ez-toc-btn-xs ez-toc-btn-default ez-toc-toggle\" aria-label=\"Toggle Table of Content\"><span class=\"ez-toc-js-icon-con\"><span class=\"\"><span class=\"eztoc-hide\" style=\"display:none;\">Toggle<\/span><span class=\"ez-toc-icon-toggle-span\"><svg style=\"fill: #999;color:#999\" xmlns=\"http:\/\/www.w3.org\/2000\/svg\" class=\"list-377408\" width=\"20px\" height=\"20px\" viewBox=\"0 0 24 24\" fill=\"none\"><path d=\"M6 6H4v2h2V6zm14 0H8v2h12V6zM4 11h2v2H4v-2zm16 0H8v2h12v-2zM4 16h2v2H4v-2zm16 0H8v2h12v-2z\" fill=\"currentColor\"><\/path><\/svg><svg style=\"fill: #999;color:#999\" class=\"arrow-unsorted-368013\" xmlns=\"http:\/\/www.w3.org\/2000\/svg\" width=\"10px\" height=\"10px\" viewBox=\"0 0 24 24\" version=\"1.2\" baseProfile=\"tiny\"><path d=\"M18.2 9.3l-6.2-6.3-6.2 6.3c-.2.2-.3.4-.3.7s.1.5.3.7c.2.2.4.3.7.3h11c.3 0 .5-.1.7-.3.2-.2.3-.5.3-.7s-.1-.5-.3-.7zM5.8 14.7l6.2 6.3 6.2-6.3c.2-.2.3-.5.3-.7s-.1-.5-.3-.7c-.2-.2-.4-.3-.7-.3h-11c-.3 0-.5.1-.7.3-.2.2-.3.5-.3.7s.1.5.3.7z\"\/><\/svg><\/span><\/span><\/span><\/a><\/span><\/div>\n<nav><ul class='ez-toc-list ez-toc-list-level-1 ' ><li class='ez-toc-page-1 ez-toc-heading-level-1'><a class=\"ez-toc-link ez-toc-heading-1\" href=\"https:\/\/tuto-comment.fr\/index.php\/contact\/#Contact\" >Contact<\/a><ul class='ez-toc-list-level-2' ><li class='ez-toc-heading-level-2'><a class=\"ez-toc-link ez-toc-heading-2\" href=\"https:\/\/tuto-comment.fr\/index.php\/contact\/#Comment_nous_contacter_par_e-mail\" >Comment nous contacter par e-mail?<\/a><\/li><li class='ez-toc-page-1 ez-toc-heading-level-2'><a class=\"ez-toc-link ez-toc-heading-3\" href=\"https:\/\/tuto-comment.fr\/index.php\/contact\/#Formulaire_de_contact\" >Formulaire de contact<\/a><\/li><\/ul><\/li><\/ul><\/nav><\/div>\n<h1 class=\"wp-block-heading has-larger-font-size\"><span class=\"ez-toc-section\" id=\"Contact\"><\/span>Contact<span class=\"ez-toc-section-end\"><\/span><\/h1>\n\n\n\n<p>Nous sommes ravis de vous accueillir sur notre page de contact. Si vous avez des questions, des commentaires ou des suggestions, n&#8217;h\u00e9sitez pas \u00e0 nous contacter par e-mail. Notre \u00e9quipe est \u00e0 votre disposition et se fera un plaisir de r\u00e9pondre \u00e0 vos demandes dans les plus brefs d\u00e9lais.<\/p>\n\n\n\n<h2 class=\"wp-block-heading has-large-font-size\"><span class=\"ez-toc-section\" id=\"Comment_nous_contacter_par_e-mail\"><\/span>Comment nous contacter par e-mail?<span class=\"ez-toc-section-end\"><\/span><\/h2>\n\n\n\n<p>Pour nous joindre par e-mail, il vous suffit d&#8217;envoyer un message \u00e0 l&#8217;adresse suivante : tuto-comment@hotmail.com.<\/p>\n\n\n\n<h2 class=\"wp-block-heading has-large-font-size\"><span class=\"ez-toc-section\" id=\"Formulaire_de_contact\"><\/span>Formulaire de contact<span class=\"ez-toc-section-end\"><\/span><\/h2>\n\n\n<div class=\"wpforms-container wpforms-container-full wpforms-block wpforms-block-e89fc12e-08c3-44a6-8346-12266ba1da8e wpforms-render-modern\" id=\"wpforms-1068\"><form id=\"wpforms-form-1068\" class=\"wpforms-validate wpforms-form wpforms-ajax-form\" data-formid=\"1068\" method=\"post\" enctype=\"multipart\/form-data\" action=\"\/index.php\/wp-json\/wp\/v2\/pages\/1067\" data-token=\"ed8075abf6688b481b279311689e8690\" data-token-time=\"1778675130\"><noscript class=\"wpforms-error-noscript\">Please enable JavaScript in your browser to complete this form.<\/noscript><div id=\"wpforms-error-noscript\" style=\"display: none;\">Please enable JavaScript in your browser to complete this form.<\/div><div class=\"wpforms-field-container\"><div id=\"wpforms-1068-field_0-container\" class=\"wpforms-field wpforms-field-name\" data-field-id=\"0\"><label class=\"wpforms-field-label\" for=\"wpforms-1068-field_0\">Nom <span class=\"wpforms-required-label\" aria-hidden=\"true\">*<\/span><\/label><input type=\"text\" id=\"wpforms-1068-field_0\" class=\"wpforms-field-medium wpforms-field-required\" name=\"wpforms[fields][0]\" aria-errormessage=\"wpforms-1068-field_0-error\" required><\/div><div id=\"wpforms-1068-field_1-container\" class=\"wpforms-field wpforms-field-email\" data-field-id=\"1\"><label class=\"wpforms-field-label\" for=\"wpforms-1068-field_1\">E-mail <span class=\"wpforms-required-label\" aria-hidden=\"true\">*<\/span><\/label><input type=\"email\" id=\"wpforms-1068-field_1\" class=\"wpforms-field-medium wpforms-field-required\" name=\"wpforms[fields][1]\" spellcheck=\"false\" aria-errormessage=\"wpforms-1068-field_1-error\" required><\/div><div id=\"wpforms-1068-field_2-container\" class=\"wpforms-field wpforms-field-textarea\" data-field-id=\"2\"><label class=\"wpforms-field-label\" for=\"wpforms-1068-field_2\">Commentaire ou message<\/label><textarea id=\"wpforms-1068-field_2\" class=\"wpforms-field-medium\" name=\"wpforms[fields][2]\" aria-errormessage=\"wpforms-1068-field_2-error\" ><\/textarea><\/div><\/div><!-- .wpforms-field-container --><div class=\"wpforms-submit-container\" ><input type=\"hidden\" name=\"wpforms[id]\" value=\"1068\"><input type=\"hidden\" name=\"page_title\" value=\"\"><input type=\"hidden\" name=\"page_url\" value=\"https:\/\/tuto-comment.fr\/index.php\/wp-json\/wp\/v2\/pages\/1067\"><input type=\"hidden\" name=\"url_referer\" value=\"\"><button type=\"submit\" name=\"wpforms[submit]\" id=\"wpforms-submit-1068\" class=\"wpforms-submit\" data-alt-text=\"Envoi...\" data-submit-text=\"Envoyer\" aria-live=\"assertive\" value=\"wpforms-submit\">Envoyer<\/button><img  title=\"\" loading=\"lazy\" decoding=\"async\" src=\"https:\/\/tuto-comment.fr\/wp-content\/plugins\/wpforms-lite\/assets\/images\/submit-spin.svg\" class=\"wpforms-submit-spinner\" style=\"display: none;\" width=\"26\" height=\"26\"  alt=\"submit-spin Contact\" ><\/div><\/form><\/div>  <!-- .wpforms-container -->","protected":false},"excerpt":{"rendered":"<p>Contact Nous sommes ravis de vous accueillir sur notre page de contact. Si vous avez des questions, des commentaires ou des suggestions, n&#8217;h\u00e9sitez pas \u00e0 &hellip;<\/p>\n","protected":false},"author":1,"featured_media":0,"parent":0,"menu_order":0,"comment_status":"closed","ping_status":"closed","template":"","meta":{"_glsr_average":0,"_glsr_ranking":0,"_glsr_reviews":0,"footnotes":""},"class_list":["post-1067","page","type-page","status-publish","hentry"],"yoast_head":"<!-- This site is optimized with the Yoast SEO plugin v26.8 - https:\/\/yoast.com\/product\/yoast-seo-wordpress\/ -->\n<title>Contact - TutoComment<\/title>\n<meta name=\"robots\" content=\"index, follow, max-snippet:-1, max-image-preview:large, max-video-preview:-1\" \/>\n<link rel=\"canonical\" href=\"https:\/\/tuto-comment.fr\/index.php\/contact\/\" \/>\n<meta property=\"og:locale\" content=\"en_US\" \/>\n<meta property=\"og:type\" content=\"article\" \/>\n<meta property=\"og:title\" content=\"Contact - TutoComment\" \/>\n<meta property=\"og:description\" content=\"Contact Nous sommes ravis de vous accueillir sur notre page de contact. Si vous avez des questions, des commentaires ou des suggestions, n&#8217;h\u00e9sitez pas \u00e0 &hellip;\" \/>\n<meta property=\"og:url\" content=\"https:\/\/tuto-comment.fr\/index.php\/contact\/\" \/>\n<meta property=\"og:site_name\" content=\"TutoComment\" \/>\n<meta property=\"article:modified_time\" content=\"2024-02-05T18:04:31+00:00\" \/>\n<meta name=\"twitter:card\" content=\"summary_large_image\" \/>\n<meta name=\"twitter:label1\" content=\"Est. reading time\" \/>\n\t<meta name=\"twitter:data1\" content=\"1 minute\" \/>\n<script type=\"application\/ld+json\" class=\"yoast-schema-graph\">{\"@context\":\"https:\/\/schema.org\",\"@graph\":[{\"@type\":\"WebPage\",\"@id\":\"https:\/\/tuto-comment.fr\/index.php\/contact\/\",\"url\":\"https:\/\/tuto-comment.fr\/index.php\/contact\/\",\"name\":\"Contact - TutoComment\",\"isPartOf\":{\"@id\":\"https:\/\/tuto-comment.fr\/#website\"},\"datePublished\":\"2024-02-05T18:04:30+00:00\",\"dateModified\":\"2024-02-05T18:04:31+00:00\",\"breadcrumb\":{\"@id\":\"https:\/\/tuto-comment.fr\/index.php\/contact\/#breadcrumb\"},\"inLanguage\":\"en-US\",\"potentialAction\":[{\"@type\":\"ReadAction\",\"target\":[\"https:\/\/tuto-comment.fr\/index.php\/contact\/\"]}]},{\"@type\":\"BreadcrumbList\",\"@id\":\"https:\/\/tuto-comment.fr\/index.php\/contact\/#breadcrumb\",\"itemListElement\":[{\"@type\":\"ListItem\",\"position\":1,\"name\":\"Accueil\",\"item\":\"https:\/\/tuto-comment.fr\/\"},{\"@type\":\"ListItem\",\"position\":2,\"name\":\"Contact\"}]},{\"@type\":\"WebSite\",\"@id\":\"https:\/\/tuto-comment.fr\/#website\",\"url\":\"https:\/\/tuto-comment.fr\/\",\"name\":\"TutoComment\",\"description\":\"Trouvez enfin r\u00e9ponse \u00e0 toutes vos questions !\",\"publisher\":{\"@id\":\"https:\/\/tuto-comment.fr\/#organization\"},\"potentialAction\":[{\"@type\":\"SearchAction\",\"target\":{\"@type\":\"EntryPoint\",\"urlTemplate\":\"https:\/\/tuto-comment.fr\/?s={search_term_string}\"},\"query-input\":{\"@type\":\"PropertyValueSpecification\",\"valueRequired\":true,\"valueName\":\"search_term_string\"}}],\"inLanguage\":\"en-US\"},{\"@type\":\"Organization\",\"@id\":\"https:\/\/tuto-comment.fr\/#organization\",\"name\":\"TutoComment\",\"url\":\"https:\/\/tuto-comment.fr\/\",\"logo\":{\"@type\":\"ImageObject\",\"inLanguage\":\"en-US\",\"@id\":\"https:\/\/tuto-comment.fr\/#\/schema\/logo\/image\/\",\"url\":\"https:\/\/tuto-comment.fr\/wp-content\/uploads\/2024\/01\/cropped-cropped-Design-sans-titre1-fotor-20230711192851.png\",\"contentUrl\":\"https:\/\/tuto-comment.fr\/wp-content\/uploads\/2024\/01\/cropped-cropped-Design-sans-titre1-fotor-20230711192851.png\",\"width\":512,\"height\":512,\"caption\":\"TutoComment\"},\"image\":{\"@id\":\"https:\/\/tuto-comment.fr\/#\/schema\/logo\/image\/\"}}]}<\/script>\n<!-- \/ Yoast SEO plugin. -->","yoast_head_json":{"title":"Contact - TutoComment","robots":{"index":"index","follow":"follow","max-snippet":"max-snippet:-1","max-image-preview":"max-image-preview:large","max-video-preview":"max-video-preview:-1"},"canonical":"https:\/\/tuto-comment.fr\/index.php\/contact\/","og_locale":"en_US","og_type":"article","og_title":"Contact - TutoComment","og_description":"Contact Nous sommes ravis de vous accueillir sur notre page de contact. Si vous avez des questions, des commentaires ou des suggestions, n&#8217;h\u00e9sitez pas \u00e0 &hellip;","og_url":"https:\/\/tuto-comment.fr\/index.php\/contact\/","og_site_name":"TutoComment","article_modified_time":"2024-02-05T18:04:31+00:00","twitter_card":"summary_large_image","twitter_misc":{"Est. reading time":"1 minute"},"schema":{"@context":"https:\/\/schema.org","@graph":[{"@type":"WebPage","@id":"https:\/\/tuto-comment.fr\/index.php\/contact\/","url":"https:\/\/tuto-comment.fr\/index.php\/contact\/","name":"Contact - TutoComment","isPartOf":{"@id":"https:\/\/tuto-comment.fr\/#website"},"datePublished":"2024-02-05T18:04:30+00:00","dateModified":"2024-02-05T18:04:31+00:00","breadcrumb":{"@id":"https:\/\/tuto-comment.fr\/index.php\/contact\/#breadcrumb"},"inLanguage":"en-US","potentialAction":[{"@type":"ReadAction","target":["https:\/\/tuto-comment.fr\/index.php\/contact\/"]}]},{"@type":"BreadcrumbList","@id":"https:\/\/tuto-comment.fr\/index.php\/contact\/#breadcrumb","itemListElement":[{"@type":"ListItem","position":1,"name":"Accueil","item":"https:\/\/tuto-comment.fr\/"},{"@type":"ListItem","position":2,"name":"Contact"}]},{"@type":"WebSite","@id":"https:\/\/tuto-comment.fr\/#website","url":"https:\/\/tuto-comment.fr\/","name":"TutoComment","description":"Trouvez enfin r\u00e9ponse \u00e0 toutes vos questions !","publisher":{"@id":"https:\/\/tuto-comment.fr\/#organization"},"potentialAction":[{"@type":"SearchAction","target":{"@type":"EntryPoint","urlTemplate":"https:\/\/tuto-comment.fr\/?s={search_term_string}"},"query-input":{"@type":"PropertyValueSpecification","valueRequired":true,"valueName":"search_term_string"}}],"inLanguage":"en-US"},{"@type":"Organization","@id":"https:\/\/tuto-comment.fr\/#organization","name":"TutoComment","url":"https:\/\/tuto-comment.fr\/","logo":{"@type":"ImageObject","inLanguage":"en-US","@id":"https:\/\/tuto-comment.fr\/#\/schema\/logo\/image\/","url":"https:\/\/tuto-comment.fr\/wp-content\/uploads\/2024\/01\/cropped-cropped-Design-sans-titre1-fotor-20230711192851.png","contentUrl":"https:\/\/tuto-comment.fr\/wp-content\/uploads\/2024\/01\/cropped-cropped-Design-sans-titre1-fotor-20230711192851.png","width":512,"height":512,"caption":"TutoComment"},"image":{"@id":"https:\/\/tuto-comment.fr\/#\/schema\/logo\/image\/"}}]}},"_links":{"self":[{"href":"https:\/\/tuto-comment.fr\/index.php\/wp-json\/wp\/v2\/pages\/1067","targetHints":{"allow":["GET"]}}],"collection":[{"href":"https:\/\/tuto-comment.fr\/index.php\/wp-json\/wp\/v2\/pages"}],"about":[{"href":"https:\/\/tuto-comment.fr\/index.php\/wp-json\/wp\/v2\/types\/page"}],"author":[{"embeddable":true,"href":"https:\/\/tuto-comment.fr\/index.php\/wp-json\/wp\/v2\/users\/1"}],"replies":[{"embeddable":true,"href":"https:\/\/tuto-comment.fr\/index.php\/wp-json\/wp\/v2\/comments?post=1067"}],"version-history":[{"count":2,"href":"https:\/\/tuto-comment.fr\/index.php\/wp-json\/wp\/v2\/pages\/1067\/revisions"}],"predecessor-version":[{"id":1072,"href":"https:\/\/tuto-comment.fr\/index.php\/wp-json\/wp\/v2\/pages\/1067\/revisions\/1072"}],"wp:attachment":[{"href":"https:\/\/tuto-comment.fr\/index.php\/wp-json\/wp\/v2\/media?parent=1067"}],"curies":[{"name":"wp","href":"https:\/\/api.w.org\/{rel}","templated":true}]}}