{"id":1058,"date":"2024-02-05T18:40:49","date_gmt":"2024-02-05T17:40:49","guid":{"rendered":"https:\/\/tuto-comment.fr\/?page_id=1058"},"modified":"2024-02-05T18:58:14","modified_gmt":"2024-02-05T17:58:14","slug":"politique-de-confidentialite","status":"publish","type":"page","link":"https:\/\/tuto-comment.fr\/index.php\/politique-de-confidentialite\/","title":{"rendered":"Politique de confidentialit\u00e9"},"content":{"rendered":"\n<div id=\"ez-toc-container\" class=\"ez-toc-v2_0_82_2 counter-hierarchy ez-toc-counter ez-toc-grey ez-toc-container-direction\">\n<div class=\"ez-toc-title-container\">\n<p class=\"ez-toc-title\" style=\"cursor:inherit\">Table des mati\u00e8res<\/p>\n<span class=\"ez-toc-title-toggle\"><a href=\"#\" class=\"ez-toc-pull-right ez-toc-btn ez-toc-btn-xs ez-toc-btn-default ez-toc-toggle\" aria-label=\"Toggle Table of Content\"><span class=\"ez-toc-js-icon-con\"><span class=\"\"><span class=\"eztoc-hide\" style=\"display:none;\">Toggle<\/span><span class=\"ez-toc-icon-toggle-span\"><svg style=\"fill: #999;color:#999\" xmlns=\"http:\/\/www.w3.org\/2000\/svg\" class=\"list-377408\" width=\"20px\" height=\"20px\" viewBox=\"0 0 24 24\" fill=\"none\"><path d=\"M6 6H4v2h2V6zm14 0H8v2h12V6zM4 11h2v2H4v-2zm16 0H8v2h12v-2zM4 16h2v2H4v-2zm16 0H8v2h12v-2z\" fill=\"currentColor\"><\/path><\/svg><svg style=\"fill: #999;color:#999\" class=\"arrow-unsorted-368013\" xmlns=\"http:\/\/www.w3.org\/2000\/svg\" width=\"10px\" height=\"10px\" viewBox=\"0 0 24 24\" version=\"1.2\" baseProfile=\"tiny\"><path d=\"M18.2 9.3l-6.2-6.3-6.2 6.3c-.2.2-.3.4-.3.7s.1.5.3.7c.2.2.4.3.7.3h11c.3 0 .5-.1.7-.3.2-.2.3-.5.3-.7s-.1-.5-.3-.7zM5.8 14.7l6.2 6.3 6.2-6.3c.2-.2.3-.5.3-.7s-.1-.5-.3-.7c-.2-.2-.4-.3-.7-.3h-11c-.3 0-.5.1-.7.3-.2.2-.3.5-.3.7s.1.5.3.7z\"\/><\/svg><\/span><\/span><\/span><\/a><\/span><\/div>\n<nav><ul class='ez-toc-list ez-toc-list-level-1 ' ><li class='ez-toc-page-1 ez-toc-heading-level-1'><a class=\"ez-toc-link ez-toc-heading-1\" href=\"https:\/\/tuto-comment.fr\/index.php\/politique-de-confidentialite\/#Politique_de_confidentialite\" >Politique de confidentialit\u00e9<\/a><ul class='ez-toc-list-level-2' ><li class='ez-toc-heading-level-2'><a class=\"ez-toc-link ez-toc-heading-2\" href=\"https:\/\/tuto-comment.fr\/index.php\/politique-de-confidentialite\/#Collecte_dinformations\" >Collecte d&#8217;informations<\/a><\/li><li class='ez-toc-page-1 ez-toc-heading-level-2'><a class=\"ez-toc-link ez-toc-heading-3\" href=\"https:\/\/tuto-comment.fr\/index.php\/politique-de-confidentialite\/#Utilisation_des_informations\" >Utilisation des informations<\/a><\/li><li class='ez-toc-page-1 ez-toc-heading-level-2'><a class=\"ez-toc-link ez-toc-heading-4\" href=\"https:\/\/tuto-comment.fr\/index.php\/politique-de-confidentialite\/#Contenu_embarque_depuis_dautres_sites\" >Contenu embarqu\u00e9 depuis d\u2019autres sites<\/a><\/li><li class='ez-toc-page-1 ez-toc-heading-level-2'><a class=\"ez-toc-link ez-toc-heading-5\" href=\"https:\/\/tuto-comment.fr\/index.php\/politique-de-confidentialite\/#Liens_Tiers\" >Liens Tiers<\/a><\/li><li class='ez-toc-page-1 ez-toc-heading-level-2'><a class=\"ez-toc-link ez-toc-heading-6\" href=\"https:\/\/tuto-comment.fr\/index.php\/politique-de-confidentialite\/#Securite_des_donnees\" >S\u00e9curit\u00e9 des donn\u00e9es<\/a><\/li><li class='ez-toc-page-1 ez-toc-heading-level-2'><a class=\"ez-toc-link ez-toc-heading-7\" href=\"https:\/\/tuto-comment.fr\/index.php\/politique-de-confidentialite\/#Cookies\" >Cookies<\/a><\/li><li class='ez-toc-page-1 ez-toc-heading-level-2'><a class=\"ez-toc-link ez-toc-heading-8\" href=\"https:\/\/tuto-comment.fr\/index.php\/politique-de-confidentialite\/#Modifications_de_la_Politique_de_Confidentialite\" >Modifications de la Politique de Confidentialit\u00e9<\/a><\/li><li class='ez-toc-page-1 ez-toc-heading-level-2'><a class=\"ez-toc-link ez-toc-heading-9\" href=\"https:\/\/tuto-comment.fr\/index.php\/politique-de-confidentialite\/#Contact\" >Contact<\/a><\/li><\/ul><\/li><\/ul><\/nav><\/div>\n<h1 class=\"wp-block-heading has-larger-font-size\"><span class=\"ez-toc-section\" id=\"Politique_de_confidentialite\"><\/span>Politique de confidentialit\u00e9<span class=\"ez-toc-section-end\"><\/span><\/h1>\n\n\n\n<p>Bienvenue sur tuto-comment.fr !<\/p>\n\n\n\n<p>La protection de vos donn\u00e9es personnelles est une priorit\u00e9 pour nous. Cette politique de confidentialit\u00e9 vise \u00e0 vous informer sur la mani\u00e8re dont nous collectons, utilisons et prot\u00e9geons vos informations lorsque vous utilisez notre site web.<\/p>\n\n\n\n<h2 class=\"wp-block-heading has-large-font-size\"><span class=\"ez-toc-section\" id=\"Collecte_dinformations\"><\/span>Collecte d&#8217;informations<span class=\"ez-toc-section-end\"><\/span><\/h2>\n\n\n\n<p>Lorsque vous visitez notre site, nous pouvons collecter les informations suivantes :<\/p>\n\n\n\n<ul class=\"wp-block-list\">\n<li><strong>Nom et Adresse e-mail :<\/strong> Nous pouvons collecter votre nom et adresse e-mail exclusivement dans le cadre de la section commentaire de notre site.<\/li>\n\n\n\n<li><strong>Site web :<\/strong> Si vous choisissez de fournir un site web dans la section commentaire, nous collecterons cette information.<\/li>\n<\/ul>\n\n\n\n<h2 class=\"wp-block-heading has-large-font-size\"><span class=\"ez-toc-section\" id=\"Utilisation_des_informations\"><\/span>Utilisation des informations<span class=\"ez-toc-section-end\"><\/span><\/h2>\n\n\n\n<p>Les informations que nous collectons sont utilis\u00e9es dans le but exclusif de permettre la fonctionnalit\u00e9 de la section commentaire sur notre site. Nous ne vendrons, ne louerons ni ne partagerons vos informations personnelles avec des tiers sans votre consentement, sauf si requis par la loi.<\/p>\n\n\n\n<h2 class=\"wp-block-heading has-large-font-size\"><span class=\"ez-toc-section\" id=\"Contenu_embarque_depuis_dautres_sites\"><\/span>Contenu embarqu\u00e9 depuis d\u2019autres sites<span class=\"ez-toc-section-end\"><\/span><\/h2>\n\n\n\n<p>Les articles de ce site peuvent inclure des contenus int\u00e9gr\u00e9s (par exemple des vid\u00e9os, images, articles\u2026). Le contenu int\u00e9gr\u00e9 depuis d\u2019autres sites se comporte de la m\u00eame mani\u00e8re que si le visiteur se rendait sur cet autre site.<\/p>\n\n\n\n<p>Ces sites web pourraient collecter des donn\u00e9es sur vous, utiliser des cookies, embarquer des outils de suivis tiers, suivre vos interactions avec ces contenus embarqu\u00e9s si vous disposez d\u2019un compte connect\u00e9 sur leur site web.<\/p>\n\n\n\n<h2 class=\"wp-block-heading has-large-font-size\"><span class=\"ez-toc-section\" id=\"Liens_Tiers\"><\/span>Liens Tiers<span class=\"ez-toc-section-end\"><\/span><\/h2>\n\n\n\n<p>Notre site peut contenir des liens vers des sites tiers. Veuillez noter que nous ne sommes pas responsables des pratiques de confidentialit\u00e9 de ces sites. Nous vous encourageons \u00e0 lire les politiques de confidentialit\u00e9 de chaque site que vous visitez.<\/p>\n\n\n\n<h2 class=\"wp-block-heading has-large-font-size\"><span class=\"ez-toc-section\" id=\"Securite_des_donnees\"><\/span>S\u00e9curit\u00e9 des donn\u00e9es<span class=\"ez-toc-section-end\"><\/span><\/h2>\n\n\n\n<p>Nous nous effor\u00e7ons de mettre en place des mesures de s\u00e9curit\u00e9 appropri\u00e9es pour prot\u00e9ger vos informations. Cependant, il est important de noter que le risque z\u00e9ro n&#8217;existe pas, et bien que nous nous efforcions de prot\u00e9ger vos donn\u00e9es, nous ne pouvons pas garantir la s\u00e9curit\u00e9 absolue.<\/p>\n\n\n\n<h2 class=\"wp-block-heading has-large-font-size\"><span class=\"ez-toc-section\" id=\"Cookies\"><\/span>Cookies<span class=\"ez-toc-section-end\"><\/span><\/h2>\n\n\n\n<p>Notre site peut utiliser des cookies pour am\u00e9liorer l&#8217;exp\u00e9rience de l&#8217;utilisateur. Les cookies sont de petits fichiers texte stock\u00e9s sur votre appareil. Vous avez la possibilit\u00e9 de d\u00e9sactiver les cookies dans les param\u00e8tres de votre navigateur, mais cela peut affecter certaines fonctionnalit\u00e9s de notre site.<\/p>\n\n\n\n<h2 class=\"wp-block-heading has-large-font-size\"><span class=\"ez-toc-section\" id=\"Modifications_de_la_Politique_de_Confidentialite\"><\/span>Modifications de la Politique de Confidentialit\u00e9<span class=\"ez-toc-section-end\"><\/span><\/h2>\n\n\n\n<p>Nous nous r\u00e9servons le droit de mettre \u00e0 jour cette politique de confidentialit\u00e9 \u00e0 tout moment. Nous vous recommandons de v\u00e9rifier r\u00e9guli\u00e8rement cette page pour prendre connaissance des \u00e9ventuelles modifications.<\/p>\n\n\n\n<h2 class=\"wp-block-heading has-large-font-size\"><span class=\"ez-toc-section\" id=\"Contact\"><\/span>Contact<span class=\"ez-toc-section-end\"><\/span><\/h2>\n\n\n\n<p>Si vous avez des questions concernant cette politique de confidentialit\u00e9, veuillez nous contacter \u00e0 l&#8217;adresse suivante : tuto-comment@hotmail.com.<\/p>\n\n\n\n<p>En utilisant notre site, vous consentez \u00e0 notre politique de confidentialit\u00e9.<\/p>\n","protected":false},"excerpt":{"rendered":"<p>Politique de confidentialit\u00e9 Bienvenue sur tuto-comment.fr ! La protection de vos donn\u00e9es personnelles est une priorit\u00e9 pour nous. Cette politique de confidentialit\u00e9 vise \u00e0 vous &hellip;<\/p>\n","protected":false},"author":1,"featured_media":0,"parent":0,"menu_order":0,"comment_status":"closed","ping_status":"closed","template":"","meta":{"_glsr_average":0,"_glsr_ranking":0,"_glsr_reviews":0,"footnotes":""},"class_list":["post-1058","page","type-page","status-publish","hentry"],"yoast_head":"<!-- This site is optimized with the Yoast SEO plugin v26.8 - https:\/\/yoast.com\/product\/yoast-seo-wordpress\/ -->\n<title>Politique de confidentialit\u00e9 - TutoComment<\/title>\n<meta name=\"robots\" content=\"index, follow, max-snippet:-1, max-image-preview:large, max-video-preview:-1\" \/>\n<link rel=\"canonical\" href=\"https:\/\/tuto-comment.fr\/index.php\/politique-de-confidentialite\/\" \/>\n<meta property=\"og:locale\" content=\"en_US\" \/>\n<meta property=\"og:type\" content=\"article\" \/>\n<meta property=\"og:title\" content=\"Politique de confidentialit\u00e9 - TutoComment\" \/>\n<meta property=\"og:description\" content=\"Politique de confidentialit\u00e9 Bienvenue sur tuto-comment.fr ! La protection de vos donn\u00e9es personnelles est une priorit\u00e9 pour nous. Cette politique de confidentialit\u00e9 vise \u00e0 vous &hellip;\" \/>\n<meta property=\"og:url\" content=\"https:\/\/tuto-comment.fr\/index.php\/politique-de-confidentialite\/\" \/>\n<meta property=\"og:site_name\" content=\"TutoComment\" \/>\n<meta property=\"article:modified_time\" content=\"2024-02-05T17:58:14+00:00\" \/>\n<meta name=\"twitter:card\" content=\"summary_large_image\" \/>\n<meta name=\"twitter:label1\" content=\"Est. reading time\" \/>\n\t<meta name=\"twitter:data1\" content=\"3 minutes\" \/>\n<script type=\"application\/ld+json\" class=\"yoast-schema-graph\">{\"@context\":\"https:\/\/schema.org\",\"@graph\":[{\"@type\":\"WebPage\",\"@id\":\"https:\/\/tuto-comment.fr\/index.php\/politique-de-confidentialite\/\",\"url\":\"https:\/\/tuto-comment.fr\/index.php\/politique-de-confidentialite\/\",\"name\":\"Politique de confidentialit\u00e9 - TutoComment\",\"isPartOf\":{\"@id\":\"https:\/\/tuto-comment.fr\/#website\"},\"datePublished\":\"2024-02-05T17:40:49+00:00\",\"dateModified\":\"2024-02-05T17:58:14+00:00\",\"breadcrumb\":{\"@id\":\"https:\/\/tuto-comment.fr\/index.php\/politique-de-confidentialite\/#breadcrumb\"},\"inLanguage\":\"en-US\",\"potentialAction\":[{\"@type\":\"ReadAction\",\"target\":[\"https:\/\/tuto-comment.fr\/index.php\/politique-de-confidentialite\/\"]}]},{\"@type\":\"BreadcrumbList\",\"@id\":\"https:\/\/tuto-comment.fr\/index.php\/politique-de-confidentialite\/#breadcrumb\",\"itemListElement\":[{\"@type\":\"ListItem\",\"position\":1,\"name\":\"Accueil\",\"item\":\"https:\/\/tuto-comment.fr\/\"},{\"@type\":\"ListItem\",\"position\":2,\"name\":\"Politique de confidentialit\u00e9\"}]},{\"@type\":\"WebSite\",\"@id\":\"https:\/\/tuto-comment.fr\/#website\",\"url\":\"https:\/\/tuto-comment.fr\/\",\"name\":\"TutoComment\",\"description\":\"Trouvez enfin r\u00e9ponse \u00e0 toutes vos questions !\",\"publisher\":{\"@id\":\"https:\/\/tuto-comment.fr\/#organization\"},\"potentialAction\":[{\"@type\":\"SearchAction\",\"target\":{\"@type\":\"EntryPoint\",\"urlTemplate\":\"https:\/\/tuto-comment.fr\/?s={search_term_string}\"},\"query-input\":{\"@type\":\"PropertyValueSpecification\",\"valueRequired\":true,\"valueName\":\"search_term_string\"}}],\"inLanguage\":\"en-US\"},{\"@type\":\"Organization\",\"@id\":\"https:\/\/tuto-comment.fr\/#organization\",\"name\":\"TutoComment\",\"url\":\"https:\/\/tuto-comment.fr\/\",\"logo\":{\"@type\":\"ImageObject\",\"inLanguage\":\"en-US\",\"@id\":\"https:\/\/tuto-comment.fr\/#\/schema\/logo\/image\/\",\"url\":\"https:\/\/tuto-comment.fr\/wp-content\/uploads\/2024\/01\/cropped-cropped-Design-sans-titre1-fotor-20230711192851.png\",\"contentUrl\":\"https:\/\/tuto-comment.fr\/wp-content\/uploads\/2024\/01\/cropped-cropped-Design-sans-titre1-fotor-20230711192851.png\",\"width\":512,\"height\":512,\"caption\":\"TutoComment\"},\"image\":{\"@id\":\"https:\/\/tuto-comment.fr\/#\/schema\/logo\/image\/\"}}]}<\/script>\n<!-- \/ Yoast SEO plugin. -->","yoast_head_json":{"title":"Politique de confidentialit\u00e9 - TutoComment","robots":{"index":"index","follow":"follow","max-snippet":"max-snippet:-1","max-image-preview":"max-image-preview:large","max-video-preview":"max-video-preview:-1"},"canonical":"https:\/\/tuto-comment.fr\/index.php\/politique-de-confidentialite\/","og_locale":"en_US","og_type":"article","og_title":"Politique de confidentialit\u00e9 - TutoComment","og_description":"Politique de confidentialit\u00e9 Bienvenue sur tuto-comment.fr ! La protection de vos donn\u00e9es personnelles est une priorit\u00e9 pour nous. Cette politique de confidentialit\u00e9 vise \u00e0 vous &hellip;","og_url":"https:\/\/tuto-comment.fr\/index.php\/politique-de-confidentialite\/","og_site_name":"TutoComment","article_modified_time":"2024-02-05T17:58:14+00:00","twitter_card":"summary_large_image","twitter_misc":{"Est. reading time":"3 minutes"},"schema":{"@context":"https:\/\/schema.org","@graph":[{"@type":"WebPage","@id":"https:\/\/tuto-comment.fr\/index.php\/politique-de-confidentialite\/","url":"https:\/\/tuto-comment.fr\/index.php\/politique-de-confidentialite\/","name":"Politique de confidentialit\u00e9 - TutoComment","isPartOf":{"@id":"https:\/\/tuto-comment.fr\/#website"},"datePublished":"2024-02-05T17:40:49+00:00","dateModified":"2024-02-05T17:58:14+00:00","breadcrumb":{"@id":"https:\/\/tuto-comment.fr\/index.php\/politique-de-confidentialite\/#breadcrumb"},"inLanguage":"en-US","potentialAction":[{"@type":"ReadAction","target":["https:\/\/tuto-comment.fr\/index.php\/politique-de-confidentialite\/"]}]},{"@type":"BreadcrumbList","@id":"https:\/\/tuto-comment.fr\/index.php\/politique-de-confidentialite\/#breadcrumb","itemListElement":[{"@type":"ListItem","position":1,"name":"Accueil","item":"https:\/\/tuto-comment.fr\/"},{"@type":"ListItem","position":2,"name":"Politique de confidentialit\u00e9"}]},{"@type":"WebSite","@id":"https:\/\/tuto-comment.fr\/#website","url":"https:\/\/tuto-comment.fr\/","name":"TutoComment","description":"Trouvez enfin r\u00e9ponse \u00e0 toutes vos questions !","publisher":{"@id":"https:\/\/tuto-comment.fr\/#organization"},"potentialAction":[{"@type":"SearchAction","target":{"@type":"EntryPoint","urlTemplate":"https:\/\/tuto-comment.fr\/?s={search_term_string}"},"query-input":{"@type":"PropertyValueSpecification","valueRequired":true,"valueName":"search_term_string"}}],"inLanguage":"en-US"},{"@type":"Organization","@id":"https:\/\/tuto-comment.fr\/#organization","name":"TutoComment","url":"https:\/\/tuto-comment.fr\/","logo":{"@type":"ImageObject","inLanguage":"en-US","@id":"https:\/\/tuto-comment.fr\/#\/schema\/logo\/image\/","url":"https:\/\/tuto-comment.fr\/wp-content\/uploads\/2024\/01\/cropped-cropped-Design-sans-titre1-fotor-20230711192851.png","contentUrl":"https:\/\/tuto-comment.fr\/wp-content\/uploads\/2024\/01\/cropped-cropped-Design-sans-titre1-fotor-20230711192851.png","width":512,"height":512,"caption":"TutoComment"},"image":{"@id":"https:\/\/tuto-comment.fr\/#\/schema\/logo\/image\/"}}]}},"_links":{"self":[{"href":"https:\/\/tuto-comment.fr\/index.php\/wp-json\/wp\/v2\/pages\/1058","targetHints":{"allow":["GET"]}}],"collection":[{"href":"https:\/\/tuto-comment.fr\/index.php\/wp-json\/wp\/v2\/pages"}],"about":[{"href":"https:\/\/tuto-comment.fr\/index.php\/wp-json\/wp\/v2\/types\/page"}],"author":[{"embeddable":true,"href":"https:\/\/tuto-comment.fr\/index.php\/wp-json\/wp\/v2\/users\/1"}],"replies":[{"embeddable":true,"href":"https:\/\/tuto-comment.fr\/index.php\/wp-json\/wp\/v2\/comments?post=1058"}],"version-history":[{"count":2,"href":"https:\/\/tuto-comment.fr\/index.php\/wp-json\/wp\/v2\/pages\/1058\/revisions"}],"predecessor-version":[{"id":1064,"href":"https:\/\/tuto-comment.fr\/index.php\/wp-json\/wp\/v2\/pages\/1058\/revisions\/1064"}],"wp:attachment":[{"href":"https:\/\/tuto-comment.fr\/index.php\/wp-json\/wp\/v2\/media?parent=1058"}],"curies":[{"name":"wp","href":"https:\/\/api.w.org\/{rel}","templated":true}]}}